{"id":7607,"date":"2025-04-15T11:07:04","date_gmt":"2025-04-15T09:07:04","guid":{"rendered":"https:\/\/www.vapemarkt.de\/?post_type=product&#038;p=7607"},"modified":"2025-04-15T11:17:32","modified_gmt":"2025-04-15T09:17:32","slug":"mr-blue-fumot-randm-tornado-15000","status":"publish","type":"product","link":"https:\/\/www.vapemarkt.de\/fr\/product\/mr-blue-fumot-randm-tornado-15000\/","title":{"rendered":"Mr Blue Fumot RandM Tornado 15000 Puffs Vape"},"content":{"rendered":"<h2 data-start=\"277\" data-end=\"358\">Monsieur Bleu <a href=\"https:\/\/www.vapemarkt.de\/fr\/fumot-randm-tornado\/\">Fumot RandM Tornado<\/a> 15000 - Un ar\u00f4me intense de baies avec une puissance styl\u00e9e<\/h2>\n<p class=\"\" data-start=\"360\" data-end=\"813\">Le site <strong data-start=\"364\" data-end=\"401\">M. Blue Fumot RandM Tornado 15000<\/strong> est synonyme d'une exp\u00e9rience de vapotage particuli\u00e8rement \u00e9quilibr\u00e9e, dans laquelle le go\u00fbt, la technique et le design s'harmonisent parfaitement. Avec sa composition fruit\u00e9e et fra\u00eeche de baies noires et une touche de fra\u00eecheur, elle s'adresse aussi bien aux d\u00e9butants qu'aux vapoteurs exp\u00e9riment\u00e9s. En m\u00eame temps, elle marque des points avec une technologie innovante et un concept durable. Mais qu'est-ce qui rend ce mod\u00e8le vraiment sp\u00e9cial ? Nous te le montrons !<\/p>\n<hr class=\"\" data-start=\"815\" data-end=\"818\" \/>\n<h3 data-start=\"820\" data-end=\"892\">Pourquoi les Mr Blue <a href=\"https:\/\/www.vapemarkt.de\/fr\/product-category\/fumot-randm-tornado\/fumot-randm-tornado-15000\/\">Fumot RandM Tornado 15000<\/a> est un v\u00e9ritable secret de polichinelle<\/h3>\n<p class=\"\" data-start=\"894\" data-end=\"1236\">Dans un monde o\u00f9 les e-cigarettes ne se distinguent souvent que par leur design ou la puissance de leur batterie, la <strong data-start=\"998\" data-end=\"1035\">M. Blue Fumot RandM Tornado 15000<\/strong> sur un concept global. L'alliance d'un go\u00fbt intense, d'une technique conviviale et d'une grande long\u00e9vit\u00e9 fait de ce mod\u00e8le l'un des favoris parmi les vapes jetables modernes.<\/p>\n<p class=\"\" data-start=\"1238\" data-end=\"1527\">Mais le c\u0153ur du produit est son go\u00fbt : Mr Blue r\u00e9unit les ar\u00f4mes de myrtille, de m\u00fbre et de cassis - compl\u00e9t\u00e9s par une fine note de menthol. Ce m\u00e9lange n'est pas trop sucr\u00e9, mais n\u00e9anmoins intense. Gr\u00e2ce \u00e0 la l\u00e9g\u00e8re sensation de froid, chaque bouff\u00e9e est particuli\u00e8rement rafra\u00eechissante.<\/p>\n<p class=\"\" data-start=\"1529\" data-end=\"1705\">De plus, la technologie Mesh Coil int\u00e9gr\u00e9e assure une vaporisation r\u00e9guli\u00e8re du liquide. Ainsi, le go\u00fbt reste constant jusqu'\u00e0 la derni\u00e8re bouff\u00e9e - un v\u00e9ritable gage de qualit\u00e9.<\/p>\n<hr class=\"\" data-start=\"1707\" data-end=\"1710\" \/>\n<h3 data-start=\"1712\" data-end=\"1763\">Un plaisir durable - 15 000 bouff\u00e9es avec style<\/h3>\n<p class=\"\" data-start=\"1765\" data-end=\"2129\">Un autre point fort est son endurance exceptionnelle : avec jusqu'\u00e0 15 000 bouff\u00e9es, cette vape offre une longue dur\u00e9e d'utilisation sans perdre de sa puissance. Contrairement aux e-cigarettes jetables traditionnelles, la variante Mr Blue permet de recharger plusieurs fois via USB-C. La dur\u00e9e de vie est ainsi nettement plus longue - tout en conservant la m\u00eame qualit\u00e9 de vapeur.<\/p>\n<p class=\"\" data-start=\"2131\" data-end=\"2316\">Gr\u00e2ce \u00e0 la batterie int\u00e9gr\u00e9e de 850 mAh et \u00e0 l'affichage LED transparent, tu gardes toujours une vue d'ensemble. Tu sais exactement quand il est temps de recharger - et cela fonctionne en peu de temps.<\/p>\n<p class=\"\" data-start=\"2318\" data-end=\"2562\">De plus, le tirage automatique facilite \u00e9norm\u00e9ment la manipulation. Pas de bouton, pas de menu - il suffit de tirer et de savourer. Cette simplicit\u00e9 fait de la <strong data-start=\"2465\" data-end=\"2502\">M. Blue Fumot RandM Tornado 15000<\/strong> particuli\u00e8rement attractif pour les utilisateurs qui attachent de l'importance au confort.<\/p>\n<hr class=\"\" data-start=\"2564\" data-end=\"2567\" \/>\n<h3 data-start=\"2569\" data-end=\"2627\">Le design rencontre l'ergonomie : pratique, styl\u00e9 et robuste<\/h3>\n<p class=\"\" data-start=\"2629\" data-end=\"2889\">Le design de ce mod\u00e8le est \u00e9galement convaincant sur toute la ligne. L'e-cigarette tient bien en main et est de grande qualit\u00e9 au toucher. Avec ses lignes \u00e9pur\u00e9es, sa forme compacte et son \u00e9l\u00e9gant d\u00e9grad\u00e9 de couleurs bleu et noir, elle est \u00e0 la fois moderne et \u00e9l\u00e9gante.<\/p>\n<p class=\"\" data-start=\"2891\" data-end=\"3181\">De plus, le bo\u00eetier est en plastique robuste qui ne perd pas sa stabilit\u00e9, m\u00eame en cas d'utilisation quotidienne. L'embout est de forme ergonomique et assure une r\u00e9sistance naturelle \u00e0 l'aspiration. Il en r\u00e9sulte une exp\u00e9rience de vapotage confortable qui ne s'use pas, m\u00eame en cas d'utilisation fr\u00e9quente.<\/p>\n<p class=\"\" data-start=\"3183\" data-end=\"3310\">Dans la poche, dans le sac \u00e0 dos ou dans la veste - gr\u00e2ce \u00e0 ses dimensions pratiques, elle se glisse partout et est toujours pr\u00eate \u00e0 l'emploi.<\/p>\n<hr class=\"\" data-start=\"3312\" data-end=\"3315\" \/>\n<h3 data-start=\"3317\" data-end=\"3361\">Le choix parfait pour le quotidien et les loisirs<\/h3>\n<p class=\"\" data-start=\"3363\" data-end=\"3626\">C'est pr\u00e9cis\u00e9ment pour les personnes ayant un mode de vie actif que la <strong data-start=\"3420\" data-end=\"3457\">M. Blue Fumot RandM Tornado 15000<\/strong> id\u00e9al. Tu n'as pas besoin de remplir de liquide, de changer de coils ou d'effectuer des r\u00e9glages complexes. La vape fonctionne imm\u00e9diatement - et de mani\u00e8re fiable.<\/p>\n<p class=\"\" data-start=\"3628\" data-end=\"3888\">Elle est id\u00e9ale pour les d\u00e9placements, les voyages, les trajets ou les pauses. Mais elle remplace aussi sans probl\u00e8me \u00e0 la maison des appareils plus grands qui n\u00e9cessitent beaucoup d'entretien. Gr\u00e2ce \u00e0 son endurance, tu n'as que rarement besoin de la recharger. Cela permet d'\u00e9conomiser du temps et des efforts.<\/p>\n<p class=\"\" data-start=\"3890\" data-end=\"4070\">En outre, elle convainc par son odeur discr\u00e8te. Alors que de nombreuses e-cigarettes ont une odeur sucr\u00e9e ou chimique frappante, ce mod\u00e8le d\u00e9gage un agr\u00e9able ar\u00f4me naturel de baies.<\/p>\n<hr class=\"\" data-start=\"4072\" data-end=\"4075\" \/>\n<h3 data-start=\"4077\" data-end=\"4120\">Respectueux de l'environnement gr\u00e2ce \u00e0 la r\u00e9utilisation<\/h3>\n<p class=\"\" data-start=\"4122\" data-end=\"4386\">M\u00eame s'il s'agit d'une vape dite \"jetable\", Fumot mise sur des solutions plus durables. La possibilit\u00e9 de recharger la batterie r\u00e9duit les d\u00e9chets et prolonge consid\u00e9rablement la dur\u00e9e de vie. Cela permet d'\u00e9conomiser des ressources tout en \u00e9tant rentable.<\/p>\n<p class=\"\" data-start=\"4388\" data-end=\"4591\">Le mod\u00e8le ne n\u00e9cessite pas d'entretien, mais est n\u00e9anmoins r\u00e9utilisable - une combinaison rare dans le domaine des e-cigarettes jetables. Ainsi, ceux qui attachent de l'importance \u00e0 la protection de l'environnement ne doivent pas faire de compromis sur le plaisir.<\/p>\n<hr class=\"\" data-start=\"4593\" data-end=\"4596\" \/>\n<h3 data-start=\"4598\" data-end=\"4645\">Adapt\u00e9 aux d\u00e9butants - con\u00e7u pour les professionnels<\/h3>\n<p class=\"\" data-start=\"4647\" data-end=\"5011\">Ce n'est pas seulement le design et la technique qui parlent en faveur de la variante Mr Blue - la facilit\u00e9 d'utilisation est \u00e9galement convaincante. Les novices appr\u00e9cient tout particuli\u00e8rement la simplicit\u00e9 d'utilisation, car il n'y a pas de r\u00e9glages compliqu\u00e9s. Mais m\u00eame les vapoteurs exp\u00e9riment\u00e9s trouveront exactement ce qu'ils recherchent gr\u00e2ce \u00e0 l'ar\u00f4me intense, au d\u00e9veloppement r\u00e9gulier de la vapeur et au nombre \u00e9lev\u00e9 de bouff\u00e9es.<\/p>\n<p class=\"\" data-start=\"5013\" data-end=\"5239\">Gr\u00e2ce \u00e0 l'exp\u00e9rience \u00e9quilibr\u00e9e de la nicotine, il est plus facile de passer du tabagisme classique au tabagisme passif. Le throat hit est perceptible, mais agr\u00e9ablement doux - id\u00e9al pour consommer de la nicotine de mani\u00e8re contr\u00f4l\u00e9e, sans en alt\u00e9rer le go\u00fbt.<\/p>\n<hr class=\"\" data-start=\"5241\" data-end=\"5244\" \/>\n<h3 data-start=\"5246\" data-end=\"5319\">Conclusion : Mr Blue Fumot RandM Tornado 15000 - Pour ceux qui en attendent plus<\/h3>\n<p class=\"\" data-start=\"5321\" data-end=\"5565\">Le site <strong data-start=\"5325\" data-end=\"5362\">M. Blue Fumot RandM Tornado 15000<\/strong> est une e-cigarette qui pose de nouveaux jalons \u00e0 bien des \u00e9gards. Elle offre un ar\u00f4me complet de baies, une durabilit\u00e9 technique et un look styl\u00e9 - le tout r\u00e9uni dans un appareil compact.<\/p>\n<p class=\"\" data-start=\"5567\" data-end=\"5851\">Gr\u00e2ce \u00e0 sa facilit\u00e9 d'utilisation, son nombre \u00e9lev\u00e9 de bouff\u00e9es et son go\u00fbt frais, elle deviendra rapidement la favorite de tous ceux qui ne veulent pas faire de compromis en mati\u00e8re de vapotage. Que tu d\u00e9butes ou que tu sois un vapoteur exp\u00e9riment\u00e9, ce mod\u00e8le t'offre tout ce dont tu as besoin.<\/p>\n<p class=\"\" data-start=\"5853\" data-end=\"6016\">Donc, si tu cherches une e-cigarette qui allie go\u00fbt, technologie et confort de haut niveau, la variante Mr Blue est d\u00e9finitivement un excellent choix.<\/p>","protected":false},"excerpt":{"rendered":"<div class=\"elementor-element elementor-element-2a8ba9f elementor-widget elementor-widget-heading\" data-id=\"2a8ba9f\" data-element_type=\"widget\" data-widget_type=\"heading.default\">\n<div class=\"elementor-widget-container\">\n<div class=\"elementor-heading-title elementor-size-default\">En tant que fabricant qui livre directement aux clients, nos prix sont extr\u00eamement comp\u00e9titifs. Nous appliquons une strat\u00e9gie de prix : plus vous commandez, moins le prix unitaire est \u00e9lev\u00e9.<\/div>\n<\/div>\n<\/div>","protected":false},"featured_media":7612,"comment_status":"open","ping_status":"closed","template":"","meta":[],"product_brand":[53],"product_cat":[58,57],"product_tag":[],"class_list":{"0":"post-7607","1":"product","2":"type-product","3":"status-publish","4":"has-post-thumbnail","6":"product_brand-fumot-randm-tornado","7":"product_cat-fumot-randm-tornado-15000","8":"product_cat-15000-puffs","10":"first","11":"instock","12":"sale","13":"shipping-taxable","14":"product-type-variable","15":"has-default-attributes"},"tiered_pricing_type":"fixed","tiered_pricing_fixed_rules":[],"tiered_pricing_product_settings":{"layout":"default","base_unit_name":{"singular":null,"plural":null},"default_variation":null},"tiered_pricing_minimum_quantity":null,"tiered_pricing_roles_data":[],"tiered_pricing_percentage_rules":[],"tiered_pricing_maximum_quantity":null,"tiered_pricing_quantity_step":null,"_links":{"self":[{"href":"https:\/\/www.vapemarkt.de\/fr\/wp-json\/wp\/v2\/product\/7607","targetHints":{"allow":["GET"]}}],"collection":[{"href":"https:\/\/www.vapemarkt.de\/fr\/wp-json\/wp\/v2\/product"}],"about":[{"href":"https:\/\/www.vapemarkt.de\/fr\/wp-json\/wp\/v2\/types\/product"}],"replies":[{"embeddable":true,"href":"https:\/\/www.vapemarkt.de\/fr\/wp-json\/wp\/v2\/comments?post=7607"}],"wp:featuredmedia":[{"embeddable":true,"href":"https:\/\/www.vapemarkt.de\/fr\/wp-json\/wp\/v2\/media\/7612"}],"wp:attachment":[{"href":"https:\/\/www.vapemarkt.de\/fr\/wp-json\/wp\/v2\/media?parent=7607"}],"wp:term":[{"taxonomy":"product_brand","embeddable":true,"href":"https:\/\/www.vapemarkt.de\/fr\/wp-json\/wp\/v2\/product_brand?post=7607"},{"taxonomy":"product_cat","embeddable":true,"href":"https:\/\/www.vapemarkt.de\/fr\/wp-json\/wp\/v2\/product_cat?post=7607"},{"taxonomy":"product_tag","embeddable":true,"href":"https:\/\/www.vapemarkt.de\/fr\/wp-json\/wp\/v2\/product_tag?post=7607"}],"curies":[{"name":"wp","href":"https:\/\/api.w.org\/{rel}","templated":true}]}}