{"id":7652,"date":"2025-04-15T12:16:40","date_gmt":"2025-04-15T10:16:40","guid":{"rendered":"https:\/\/www.vapemarkt.de\/?post_type=product&#038;p=7652"},"modified":"2025-04-15T12:23:38","modified_gmt":"2025-04-15T10:23:38","slug":"pink-lemonade-fumot-randm-tornado-15000","status":"publish","type":"product","link":"https:\/\/www.vapemarkt.de\/fr\/product\/pink-lemonade-fumot-randm-tornado-15000\/","title":{"rendered":"Pink Lemonade Fumot RandM Tornado 15000 Puffs Vape"},"content":{"rendered":"<h2 data-start=\"398\" data-end=\"476\">Lemonade rose <a href=\"https:\/\/www.vapemarkt.de\/fr\/fumot-randm-tornado\/\">Fumot RandM Tornado<\/a> 15000 - Le plaisir de la vape fruit\u00e9e et p\u00e9tillante<\/h2>\n<p class=\"\" data-start=\"478\" data-end=\"786\">Avec la <strong data-start=\"486\" data-end=\"529\">Pink Lemonade Fumot RandM Tornado 15000<\/strong> une exp\u00e9rience de vapotage exceptionnelle t'attend, alliant des notes fra\u00eeches d'agrumes \u00e0 une douceur p\u00e9tillante. Cette vari\u00e9t\u00e9 est synonyme de pure humeur estivale, combin\u00e9e \u00e0 une technologie fiable et \u00e0 une dur\u00e9e d'utilisation impressionnante pouvant aller jusqu'\u00e0 15.000 bouff\u00e9es.<\/p>\n<p class=\"\" data-start=\"788\" data-end=\"1068\">Ce mod\u00e8le ne pose pas seulement de nouveaux jalons en termes de go\u00fbt. Cette e-cigarette jetable convainc \u00e9galement sur toute la ligne en termes de technique, de design et de durabilit\u00e9. Mais qu'est-ce qui rend cette vari\u00e9t\u00e9 si particuli\u00e8re ? Nous te pr\u00e9sentons un aper\u00e7u de tous les avantages, d\u00e9tails et particularit\u00e9s.<\/p>\n<hr class=\"\" data-start=\"1070\" data-end=\"1073\" \/>\n<h3 data-start=\"1075\" data-end=\"1147\">Pourquoi la Pink Lemonade <a href=\"https:\/\/www.vapemarkt.de\/fr\/product-category\/fumot-randm-tornado\/fumot-randm-tornado-15000\/\">Fumot RandM Tornado 15000<\/a> tant de gens enthousiastes<\/h3>\n<p class=\"\" data-start=\"1149\" data-end=\"1414\">De plus en plus de vapoteurs recherchent des ar\u00f4mes intenses mais bien \u00e9quilibr\u00e9s. C'est pr\u00e9cis\u00e9ment l\u00e0 que la <strong data-start=\"1246\" data-end=\"1289\">Pink Lemonade Fumot RandM Tornado 15000<\/strong> de l'eau. Le m\u00e9lange de baies m\u00fbres et de citron p\u00e9tillant assure une exp\u00e9rience gustative harmonieuse mais vivifiante.<\/p>\n<p class=\"\" data-start=\"1416\" data-end=\"1676\">Cette e-cigarette ne marque pas seulement des points par son caract\u00e8re fruit\u00e9. Elle offre \u00e9galement une qualit\u00e9 technique sur laquelle on peut compter. Cela permet de se concentrer enti\u00e8rement sur le vapotage, sans avoir \u00e0 recharger ou \u00e0 recharger constamment.<\/p>\n<p class=\"\" data-start=\"1678\" data-end=\"1862\">En outre, l'appareil se distingue positivement par sa simplicit\u00e9 d'utilisation. Gr\u00e2ce \u00e0 la traction automatique et \u00e0 la recharge USB-C, il offre un confort maximal en d\u00e9placement, au quotidien ou pendant les moments de pause.<\/p>\n<hr class=\"\" data-start=\"1864\" data-end=\"1867\" \/>\n<h3 data-start=\"1869\" data-end=\"1906\">Aper\u00e7u des points forts techniques<\/h3>\n<p class=\"\" data-start=\"1908\" data-end=\"2153\">Malgr\u00e9 son format compact, l'e-cigarette fournit une puissance \u00e9tonnante. Les composants install\u00e9s sont con\u00e7us pour durer et \u00eatre efficaces. La batterie d'une capacit\u00e9 de 850 mAh assure une alimentation stable pendant de nombreux jours.<\/p>\n<p class=\"\" data-start=\"2155\" data-end=\"2405\">Plus important encore : le volume de liquide de 18 ml permet de r\u00e9aliser jusqu'\u00e0 15 000 bouff\u00e9es. Ce mod\u00e8le convient donc aussi aux gros vapoteurs ou aux longs voyages. La technologie Mesh Coil assure en outre une vaporisation r\u00e9guli\u00e8re et riche en saveurs.<\/p>\n<p class=\"\" data-start=\"2407\" data-end=\"2621\">La connexion USB-C permet de recharger rapidement la batterie. Par rapport aux autres e-cigarettes jetables, ce mod\u00e8le offre non seulement un confort, mais aussi une utilisation plus durable des ressources.<\/p>\n<p class=\"\" data-start=\"2623\" data-end=\"2817\">Autre avantage : malgr\u00e9 sa puissance \u00e9lev\u00e9e, l'appareil est \u00e9tonnamment l\u00e9ger et tient bien dans la main. Il devient ainsi un compagnon de tous les jours - que ce soit pour se promener, travailler ou se d\u00e9tendre.<\/p>\n<hr class=\"\" data-start=\"2819\" data-end=\"2822\" \/>\n<h3 data-start=\"2824\" data-end=\"2881\">Pink Lemonade : un go\u00fbt qui reste en m\u00e9moire<\/h3>\n<p class=\"\" data-start=\"2883\" data-end=\"3172\">La vari\u00e9t\u00e9 Pink Lemonade r\u00e9pond parfaitement aux attentes des vapoteurs modernes. Alors que de nombreux ar\u00f4mes fruit\u00e9s semblent souvent trop sucr\u00e9s, cette combinaison cr\u00e9e un \u00e9quilibre parfait. Les notes sucr\u00e9es des fruits rouges s'associent \u00e0 un l\u00e9ger acide citrique pour donner une impression g\u00e9n\u00e9rale de fra\u00eecheur agr\u00e9able.<\/p>\n<p class=\"\" data-start=\"3174\" data-end=\"3380\">Ce go\u00fbt se d\u00e9veloppe en douceur lors de l'inhalation et reste agr\u00e9ablement longtemps. En m\u00eame temps, l'effet glac\u00e9 procure une fra\u00eecheur rafra\u00eechissante - parfait pour les jours chauds ou comme coup de fra\u00eecheur quotidien.<\/p>\n<p class=\"\" data-start=\"3382\" data-end=\"3595\">D'ailleurs, m\u00eame dans les moments de stress, cet ar\u00f4me aide \u00e0 se d\u00e9connecter un instant et \u00e0 se lib\u00e9rer l'esprit. Le go\u00fbt est pr\u00e9sent, mais pas envahissant - une qualit\u00e9 que beaucoup appr\u00e9cient.<\/p>\n<hr class=\"\" data-start=\"3597\" data-end=\"3600\" \/>\n<h3 data-start=\"3602\" data-end=\"3637\">\u00c0 qui s'adresse cette vari\u00e9t\u00e9 ?<\/h3>\n<p class=\"\" data-start=\"3639\" data-end=\"3940\">Le site <strong data-start=\"3643\" data-end=\"3686\">Pink Lemonade Fumot RandM Tornado 15000<\/strong> est id\u00e9al pour tous ceux qui pr\u00e9f\u00e8rent les ar\u00f4mes frais et fruit\u00e9s. Les d\u00e9butants comme les vapoteurs exp\u00e9riment\u00e9s y trouveront leur compte. Ceux qui ont d\u00e9j\u00e0 laiss\u00e9 derri\u00e8re eux les cigarettes classiques appr\u00e9cient tout particuli\u00e8rement la simplicit\u00e9 d'utilisation.<\/p>\n<p class=\"\" data-start=\"3942\" data-end=\"4172\">L'appareil ne n\u00e9cessite aucune pr\u00e9paration. Il suffit de le d\u00e9baller, de le tirer et de le savourer - c'est tout ce qu'il faut. Le remplissage n'est pas non plus n\u00e9cessaire. Ce mod\u00e8le devient ainsi le parfait compagnon de tous les jours, que ce soit pour le travail, les loisirs ou les voyages.<\/p>\n<p class=\"\" data-start=\"4174\" data-end=\"4377\">Outre le go\u00fbt, l'aspect moderne est \u00e9galement convaincant. Le bo\u00eetier est sobre mais styl\u00e9 et s'adapte \u00e0 tous les styles de vie. La surface soft touch assure une sensation agr\u00e9able dans la main.<\/p>\n<hr class=\"\" data-start=\"4379\" data-end=\"4382\" \/>\n<h3 data-start=\"4384\" data-end=\"4420\">La durabilit\u00e9 rencontre le confort<\/h3>\n<p class=\"\" data-start=\"4422\" data-end=\"4654\">Les e-cigarettes jetables font souvent l'objet de critiques. Mais Fumot va plus loin avec la s\u00e9rie RandM Tornado. Gr\u00e2ce \u00e0 la batterie rechargeable, les d\u00e9chets \u00e9lectroniques sont consid\u00e9rablement r\u00e9duits par rapport aux mod\u00e8les classiques \u00e0 usage unique.<\/p>\n<p class=\"\" data-start=\"4656\" data-end=\"4851\">Le grand volume de liquide permet \u00e9galement de r\u00e9duire les d\u00e9chets d'emballage. La longue dur\u00e9e d'utilisation signifie en outre moins de nouveaux achats fr\u00e9quents - un avantage pour l'environnement et le porte-monnaie.<\/p>\n<p class=\"\" data-start=\"4853\" data-end=\"5016\">De plus, l'appareil est livr\u00e9 dans un emballage solide et recyclable. Ainsi, l'ensemble reste coh\u00e9rent - de la technique \u00e0 la durabilit\u00e9.<\/p>\n<hr class=\"\" data-start=\"5018\" data-end=\"5021\" \/>\n<h3 data-start=\"5023\" data-end=\"5078\">Autres saveurs de la s\u00e9rie RandM Tornado<\/h3>\n<p class=\"\" data-start=\"5080\" data-end=\"5255\">Si tu aimes varier les plaisirs de la vapeur, tu trouveras de nombreuses alternatives dans la s\u00e9rie RandM Tornado 15000. Qu'elles soient sucr\u00e9es, fruit\u00e9es ou froides, il y en a pour tous les go\u00fbts :<\/p>\n<ul data-start=\"5257\" data-end=\"5476\">\n<li class=\"\" data-start=\"5257\" data-end=\"5294\">\n<p class=\"\" data-start=\"5259\" data-end=\"5294\"><strong data-start=\"5259\" data-end=\"5275\">Peach Mango :<\/strong> Doux et exotique<\/p>\n<\/li>\n<li class=\"\" data-start=\"5295\" data-end=\"5344\">\n<p class=\"\" data-start=\"5297\" data-end=\"5344\"><strong data-start=\"5297\" data-end=\"5315\">Glace au Pineapple :<\/strong> Fruit\u00e9 avec une finition fra\u00eeche<\/p>\n<\/li>\n<li class=\"\" data-start=\"5345\" data-end=\"5385\">\n<p class=\"\" data-start=\"5347\" data-end=\"5385\"><strong data-start=\"5347\" data-end=\"5363\">M\u00e9lange de baies :<\/strong> Baies et intense<\/p>\n<\/li>\n<li class=\"\" data-start=\"5386\" data-end=\"5424\">\n<p class=\"\" data-start=\"5388\" data-end=\"5424\"><strong data-start=\"5388\" data-end=\"5400\">M. Blue :<\/strong> Baies noires avec Ice<\/p>\n<\/li>\n<li class=\"\" data-start=\"5425\" data-end=\"5476\">\n<p class=\"\" data-start=\"5427\" data-end=\"5476\"><strong data-start=\"5427\" data-end=\"5456\">Kiwi Passion Fruit Goyave :<\/strong> Tropical et frais<\/p>\n<\/li>\n<\/ul>\n<p class=\"\" data-start=\"5478\" data-end=\"5638\">Malgr\u00e9 cette diversit\u00e9, il reste <strong data-start=\"5507\" data-end=\"5524\">Lemonade rose<\/strong> l'une des variantes les plus appr\u00e9ci\u00e9es - notamment en raison de son profil aromatique \u00e9quilibr\u00e9 et de son effet vivifiant.<\/p>\n<hr class=\"\" data-start=\"5640\" data-end=\"5643\" \/>\n<h3 data-start=\"5645\" data-end=\"5718\">Conclusion : Pink Lemonade Fumot RandM Tornado 15000 comme compagnon quotidien<\/h3>\n<p class=\"\" data-start=\"5720\" data-end=\"5960\">Avec la <strong data-start=\"5728\" data-end=\"5771\">Pink Lemonade Fumot RandM Tornado 15000<\/strong> tu b\u00e9n\u00e9ficies d'une exp\u00e9rience de vapotage convaincante \u00e0 tous les niveaux. De la combinaison de saveurs intenses \u00e0 la puissance de l'accu en passant par la simplicit\u00e9 d'utilisation - tout s'accorde ici.<\/p>\n<p class=\"\" data-start=\"5962\" data-end=\"6182\">Ce mod\u00e8le convient particuli\u00e8rement aux personnes qui recherchent la qualit\u00e9, le style et le plaisir dans un seul appareil. Son go\u00fbt frais et p\u00e9tillant apporte un regain d'\u00e9nergie au quotidien et garantit de petits moments de plaisir entre deux.<\/p>\n<p class=\"\" data-start=\"6184\" data-end=\"6336\">Si vous \u00eates \u00e0 la recherche d'une vari\u00e9t\u00e9 fruit\u00e9e et p\u00e9tillante, vous trouverez d\u00e9finitivement votre bonheur. Et le meilleur : pas de remplissage, pas de touches - il suffit de savourer.<\/p>\n<hr class=\"\" data-start=\"6338\" data-end=\"6341\" \/>\n<h4 data-start=\"6343\" data-end=\"6381\">D\u00e9tails techniques en un coup d'\u0153il<\/h4>\n<ul data-start=\"6383\" data-end=\"6752\">\n<li class=\"\" data-start=\"6383\" data-end=\"6446\">\n<p class=\"\" data-start=\"6385\" data-end=\"6446\"><strong data-start=\"6385\" data-end=\"6399\">Le go\u00fbt :<\/strong> Agrumes et baies rouges avec effet glac\u00e9<\/p>\n<\/li>\n<li class=\"\" data-start=\"6447\" data-end=\"6484\">\n<p class=\"\" data-start=\"6449\" data-end=\"6484\"><strong data-start=\"6449\" data-end=\"6463\">Capacit\u00e9 :<\/strong> Jusqu'\u00e0 15.000 trains<\/p>\n<\/li>\n<li class=\"\" data-start=\"6485\" data-end=\"6517\">\n<p class=\"\" data-start=\"6487\" data-end=\"6517\"><strong data-start=\"6487\" data-end=\"6498\">liquide :<\/strong> 18 ml pr\u00e9-rempli<\/p>\n<\/li>\n<li class=\"\" data-start=\"6518\" data-end=\"6560\">\n<p class=\"\" data-start=\"6520\" data-end=\"6560\"><strong data-start=\"6520\" data-end=\"6529\">Batterie rechargeable :<\/strong> 850 mAh, rechargeable via USB-C<\/p>\n<\/li>\n<li class=\"\" data-start=\"6561\" data-end=\"6620\">\n<p class=\"\" data-start=\"6563\" data-end=\"6620\"><strong data-start=\"6563\" data-end=\"6579\">la technologie :<\/strong> Bobine mesh pour une vaporisation uniforme<\/p>\n<\/li>\n<li class=\"\" data-start=\"6621\" data-end=\"6688\">\n<p class=\"\" data-start=\"6623\" data-end=\"6688\"><strong data-start=\"6623\" data-end=\"6642\">Particularit\u00e9s :<\/strong> Rechargeable, activ\u00e9e par traction, sans entretien<\/p>\n<\/li>\n<li class=\"\" data-start=\"6689\" data-end=\"6752\">\n<p class=\"\" data-start=\"6691\" data-end=\"6752\"><strong data-start=\"6691\" data-end=\"6706\">Groupe cible :<\/strong> D\u00e9butants, personnes en reconversion et vapoteurs exp\u00e9riment\u00e9s<\/p>\n<\/li>\n<\/ul>","protected":false},"excerpt":{"rendered":"<div class=\"elementor-element elementor-element-2a8ba9f elementor-widget elementor-widget-heading\" data-id=\"2a8ba9f\" data-element_type=\"widget\" data-widget_type=\"heading.default\">\n<div class=\"elementor-widget-container\">\n<div class=\"elementor-heading-title elementor-size-default\">En tant que fabricant qui livre directement aux clients, nos prix sont extr\u00eamement comp\u00e9titifs. Nous appliquons une strat\u00e9gie de prix : plus vous commandez, moins le prix unitaire est \u00e9lev\u00e9.<\/div>\n<\/div>\n<\/div>","protected":false},"featured_media":7660,"comment_status":"open","ping_status":"closed","template":"","meta":[],"product_brand":[53],"product_cat":[58,57],"product_tag":[],"class_list":{"0":"post-7652","1":"product","2":"type-product","3":"status-publish","4":"has-post-thumbnail","6":"product_brand-fumot-randm-tornado","7":"product_cat-fumot-randm-tornado-15000","8":"product_cat-15000-puffs","10":"first","11":"instock","12":"sale","13":"shipping-taxable","14":"product-type-variable","15":"has-default-attributes"},"tiered_pricing_type":"fixed","tiered_pricing_fixed_rules":[],"tiered_pricing_product_settings":{"layout":"default","base_unit_name":{"singular":null,"plural":null},"default_variation":null},"tiered_pricing_minimum_quantity":null,"tiered_pricing_roles_data":[],"tiered_pricing_percentage_rules":[],"tiered_pricing_maximum_quantity":null,"tiered_pricing_quantity_step":null,"_links":{"self":[{"href":"https:\/\/www.vapemarkt.de\/fr\/wp-json\/wp\/v2\/product\/7652","targetHints":{"allow":["GET"]}}],"collection":[{"href":"https:\/\/www.vapemarkt.de\/fr\/wp-json\/wp\/v2\/product"}],"about":[{"href":"https:\/\/www.vapemarkt.de\/fr\/wp-json\/wp\/v2\/types\/product"}],"replies":[{"embeddable":true,"href":"https:\/\/www.vapemarkt.de\/fr\/wp-json\/wp\/v2\/comments?post=7652"}],"wp:featuredmedia":[{"embeddable":true,"href":"https:\/\/www.vapemarkt.de\/fr\/wp-json\/wp\/v2\/media\/7660"}],"wp:attachment":[{"href":"https:\/\/www.vapemarkt.de\/fr\/wp-json\/wp\/v2\/media?parent=7652"}],"wp:term":[{"taxonomy":"product_brand","embeddable":true,"href":"https:\/\/www.vapemarkt.de\/fr\/wp-json\/wp\/v2\/product_brand?post=7652"},{"taxonomy":"product_cat","embeddable":true,"href":"https:\/\/www.vapemarkt.de\/fr\/wp-json\/wp\/v2\/product_cat?post=7652"},{"taxonomy":"product_tag","embeddable":true,"href":"https:\/\/www.vapemarkt.de\/fr\/wp-json\/wp\/v2\/product_tag?post=7652"}],"curies":[{"name":"wp","href":"https:\/\/api.w.org\/{rel}","templated":true}]}}