{"id":7697,"date":"2025-04-15T14:44:06","date_gmt":"2025-04-15T12:44:06","guid":{"rendered":"https:\/\/www.vapemarkt.de\/?post_type=product&#038;p=7697"},"modified":"2025-04-15T14:53:42","modified_gmt":"2025-04-15T12:53:42","slug":"strawberry-watermelon-fumot-randm-tornado-15000","status":"publish","type":"product","link":"https:\/\/www.vapemarkt.de\/fr\/product\/strawberry-watermelon-fumot-randm-tornado-15000\/","title":{"rendered":"Strawberry Watermelon Fumot RandM Tornado 15000 Puffs Vape"},"content":{"rendered":"<h2><strong>Past\u00e8que \u00e0 la fraise <a href=\"https:\/\/www.vapemarkt.de\/fr\/fumot-randm-tornado\/\">Fumot RandM Tornado<\/a> 15000 : La fra\u00eecheur estivale rencontre la haute performance<\/strong><\/h2>\n<p>Pour tous ceux qui souhaitent combiner des fraises sucr\u00e9es et de la past\u00e8que juteuse dans un ar\u00f4me harmonieux, la\u00a0<strong>Strawberry Watermelon Fumot RandM Tornado 15000<\/strong>\u00a0le choix parfait. Cette e-cigarette allie la fra\u00eecheur de l'\u00e9t\u00e9 \u00e0 la technologie innovante de Fumot et offre jusqu'\u00e0 15 000 bouff\u00e9es - id\u00e9ale pour les amateurs qui appr\u00e9cient la long\u00e9vit\u00e9 et l'intensit\u00e9 du go\u00fbt.<\/p>\n<h3><strong>Ce que la Strawberry Watermelon <a href=\"https:\/\/www.vapemarkt.de\/fr\/product-category\/fumot-randm-tornado\/fumot-randm-tornado-15000\/\">Fumot RandM Tornado 15000<\/a> rend unique<\/strong><\/h3>\n<p>Le site\u00a0<strong>RandM Tornado 15000<\/strong>\u00a0de Fumot convainc par son duo exotique de fraise et de past\u00e8que (<strong>Past\u00e8que \u00e0 la fraise<\/strong>), qui cr\u00e9e un \u00e9quilibre parfait entre douceur et l\u00e9g\u00e8ret\u00e9 rafra\u00eechissante. L'ar\u00f4me rappelle les journ\u00e9es ensoleill\u00e9es et convient particuli\u00e8rement aux saisons chaudes ou comme compensation gustative au quotidien. Son design fin et ergonomique et sa facilit\u00e9 d'utilisation en font en outre un compagnon id\u00e9al pour les d\u00e9placements.<\/p>\n<p>Un autre point fort est la durabilit\u00e9 : gr\u00e2ce aux pods rechargeables et \u00e0 une batterie longue dur\u00e9e de 850 mAh, la\u00a0<strong>Fumot RandM Tornado 15000<\/strong>\u00a0d\u00e9chets jetables de mani\u00e8re significative. L'indication de 15.000 trains souligne que les utilisateurs doivent en racheter moins souvent - un plus pour l'environnement et le budget.<\/p>\n<h3><strong>La pr\u00e9cision technique rencontre la fra\u00eecheur fruit\u00e9e<\/strong><\/h3>\n<p>En plus de l'embl\u00e9matique\u00a0<strong>Past\u00e8que \u00e0 la fraise<\/strong>-Le go\u00fbt de la\u00a0<strong>RandM Tornado 15000<\/strong>\u00a0par leur performance constante. Une technologie optimis\u00e9e de mesh coil garantit que chaque bouff\u00e9e d\u00e9ploie toute la diversit\u00e9 des ar\u00f4mes - de la premi\u00e8re \u00e0 la derni\u00e8re utilisation. Le taux de nicotine variable permet en outre des adaptations individuelles, de sorte que les d\u00e9butants comme les vapoteurs exp\u00e9riment\u00e9s trouvent leur dose parfaite.<\/p>\n<p>L'appareil est parfaitement adapt\u00e9 \u00e0 une utilisation mobile gr\u00e2ce \u00e0 son design anti-fuite et \u00e0 sa taille compacte. Le port de chargement USB-C rapide et la construction robuste garantissent que les performances ne diminuent pas, m\u00eame en cas d'utilisation intensive. Ainsi, l'exp\u00e9rience de vapotage reste toujours fiable, que ce soit au bureau ou \u00e0 l'ext\u00e9rieur.<\/p>\n<h3><strong>L'innovation dans le d\u00e9tail : des performances qui enthousiasment<\/strong><\/h3>\n<p>Derri\u00e8re la\u00a0<strong>Strawberry Watermelon Fumot RandM Tornado 15000<\/strong>\u00a0est le fruit d'une ing\u00e9nierie bien pens\u00e9e. Le r\u00e9servoir g\u00e9n\u00e9reux de 12 ml offre de la place pour un plaisir de longue dur\u00e9e, tandis que le coil maill\u00e9 de 1,0 ohm lib\u00e8re le go\u00fbt avec pr\u00e9cision tout en minimisant la consommation de liquide. La batterie rechargeable se charge compl\u00e8tement en moins de 50 minutes, ce qui rend les temps d'attente insignifiants.<\/p>\n<p>Sa long\u00e9vit\u00e9 m\u00e9rite d'\u00eatre soulign\u00e9e : des mat\u00e9riaux de haute qualit\u00e9 et une construction \u00e9tanche \u00e0 la poussi\u00e8re font de cet appareil un investissement rentable qui fonctionnera de mani\u00e8re fiable pendant des mois, conform\u00e9ment \u00e0 l'indication de 15.000 bouff\u00e9es.<\/p>\n<h3><strong>Durabilit\u00e9 : vaper en respectant l'environnement avec Fumot<\/strong><\/h3>\n<p>La production respectueuse de l'environnement est une priorit\u00e9 pour la\u00a0<strong>RandM Tornado 15000<\/strong>\u00a0en point de mire. Les dosettes r\u00e9utilisables et les composants recyclables r\u00e9duisent les d\u00e9chets, tandis que le nombre \u00e9lev\u00e9 de bouff\u00e9es (15.000) \u00e9vite les changements d'appareils superflus. Fumot mise \u00e9galement sur des processus de fabrication \u00e0 faible consommation d'\u00e9nergie et des mat\u00e9riaux peu polluants pour pr\u00e9server les ressources - sans faire de compromis sur la performance ou le go\u00fbt.<\/p>\n<p>Cette approche prouve qu'il est possible d'allier id\u00e9alement plaisir et responsabilit\u00e9 \u00e9cologique, un concept qui s\u00e9duit de plus en plus de consommateurs.<\/p>\n<h3><strong>Conclusion : une exp\u00e9rience gustative qui prolonge le sentiment d'\u00e9t\u00e9<\/strong><\/h3>\n<p>En r\u00e9sum\u00e9, la\u00a0<strong>Strawberry Watermelon Fumot RandM Tornado 15000<\/strong>\u00a0tout ce que les vapoteurs modernes attendent : un profil aromatique unique, une pr\u00e9cision technique et des pratiques respectueuses de l'environnement. Avec jusqu'\u00e0 15 000 bouff\u00e9es, elle est le choix parfait pour tous ceux qui attachent de l'importance \u00e0 la long\u00e9vit\u00e9 et \u00e0 la qualit\u00e9 constante - sans pour autant renoncer \u00e0 la fra\u00eecheur de l'\u00e9t\u00e9.<\/p>\n<p>Si vous recherchez une e-cigarette qui allie diversit\u00e9 fruit\u00e9e et technologie haute performance, vous ferez le bon choix avec ce mod\u00e8le. Le site\u00a0<strong>RandM Tornado 15000<\/strong>\u00a0in Strawberry Watermelon \u00e9tablit ainsi de nouvelles normes en mati\u00e8re de go\u00fbt, d'innovation et de durabilit\u00e9.<\/p>","protected":false},"excerpt":{"rendered":"<div class=\"elementor-element elementor-element-2a8ba9f elementor-widget elementor-widget-heading\" data-id=\"2a8ba9f\" data-element_type=\"widget\" data-widget_type=\"heading.default\">\n<div class=\"elementor-widget-container\">\n<div class=\"elementor-heading-title elementor-size-default\">En tant que fabricant qui livre directement aux clients, nos prix sont extr\u00eamement comp\u00e9titifs. Nous appliquons une strat\u00e9gie de prix : plus vous commandez, moins le prix unitaire est \u00e9lev\u00e9.<\/div>\n<\/div>\n<\/div>","protected":false},"featured_media":7705,"comment_status":"open","ping_status":"closed","template":"","meta":[],"product_brand":[53],"product_cat":[58,57],"product_tag":[],"class_list":{"0":"post-7697","1":"product","2":"type-product","3":"status-publish","4":"has-post-thumbnail","6":"product_brand-fumot-randm-tornado","7":"product_cat-fumot-randm-tornado-15000","8":"product_cat-15000-puffs","10":"first","11":"instock","12":"sale","13":"shipping-taxable","14":"product-type-variable","15":"has-default-attributes"},"tiered_pricing_type":"fixed","tiered_pricing_fixed_rules":[],"tiered_pricing_product_settings":{"layout":"default","base_unit_name":{"singular":null,"plural":null},"default_variation":null},"tiered_pricing_minimum_quantity":null,"tiered_pricing_roles_data":[],"tiered_pricing_percentage_rules":[],"tiered_pricing_maximum_quantity":null,"tiered_pricing_quantity_step":null,"_links":{"self":[{"href":"https:\/\/www.vapemarkt.de\/fr\/wp-json\/wp\/v2\/product\/7697","targetHints":{"allow":["GET"]}}],"collection":[{"href":"https:\/\/www.vapemarkt.de\/fr\/wp-json\/wp\/v2\/product"}],"about":[{"href":"https:\/\/www.vapemarkt.de\/fr\/wp-json\/wp\/v2\/types\/product"}],"replies":[{"embeddable":true,"href":"https:\/\/www.vapemarkt.de\/fr\/wp-json\/wp\/v2\/comments?post=7697"}],"wp:featuredmedia":[{"embeddable":true,"href":"https:\/\/www.vapemarkt.de\/fr\/wp-json\/wp\/v2\/media\/7705"}],"wp:attachment":[{"href":"https:\/\/www.vapemarkt.de\/fr\/wp-json\/wp\/v2\/media?parent=7697"}],"wp:term":[{"taxonomy":"product_brand","embeddable":true,"href":"https:\/\/www.vapemarkt.de\/fr\/wp-json\/wp\/v2\/product_brand?post=7697"},{"taxonomy":"product_cat","embeddable":true,"href":"https:\/\/www.vapemarkt.de\/fr\/wp-json\/wp\/v2\/product_cat?post=7697"},{"taxonomy":"product_tag","embeddable":true,"href":"https:\/\/www.vapemarkt.de\/fr\/wp-json\/wp\/v2\/product_tag?post=7697"}],"curies":[{"name":"wp","href":"https:\/\/api.w.org\/{rel}","templated":true}]}}