{"id":7706,"date":"2025-04-15T14:54:54","date_gmt":"2025-04-15T12:54:54","guid":{"rendered":"https:\/\/www.vapemarkt.de\/?post_type=product&#038;p=7706"},"modified":"2025-04-15T15:13:16","modified_gmt":"2025-04-15T13:13:16","slug":"triple-berry-fumot-randm-tornado-15000","status":"publish","type":"product","link":"https:\/\/www.vapemarkt.de\/fr\/product\/triple-berry-fumot-randm-tornado-15000\/","title":{"rendered":"Triple berry Fumot RandM Tornado 15000 Puffs Vape"},"content":{"rendered":"<h2><strong>Triple Berry <a href=\"https:\/\/www.vapemarkt.de\/fr\/fumot-randm-tornado\/\">Fumot RandM Tornado<\/a> 15000 Puffs Vape : la diversit\u00e9 fruit\u00e9e rencontre la perfection technique<\/strong><\/h2>\n<p>Pour les amateurs d'ar\u00f4mes intenses de baies et de technologie de vapotage durable, la\u00a0<strong>Triple Berry Fumot RandM Tornado 15000<\/strong>\u00a0le choix id\u00e9al. Cette e-cigarette combine des fraises sucr\u00e9es, des myrtilles juteuses et des framboises aromatiques pour une exp\u00e9rience gustative unique - perfectionn\u00e9e par la technologie innovante de Fumot. Avec jusqu'\u00e0 15.000 bouff\u00e9es, ce mod\u00e8le convainc en outre par sa long\u00e9vit\u00e9 et son aptitude \u00e0 \u00eatre utilis\u00e9 au quotidien, que ce soit \u00e0 la maison ou en d\u00e9placement.<\/p>\n<h3><strong>Ce que le Triple Berry <a href=\"https:\/\/www.vapemarkt.de\/fr\/product-category\/fumot-randm-tornado\/fumot-randm-tornado-15000\/\">Fumot RandM Tornado 15000<\/a> fait particulier<\/strong><\/h3>\n<p>Le site\u00a0<strong>RandM Tornado 15000<\/strong>\u00a0de Fumot met en place avec le\u00a0<strong>Triple Berry<\/strong>-L'ar\u00f4me de la pomme \u00e9tablit de nouvelles normes en mati\u00e8re de polyvalence. Le m\u00e9lange harmonieux de trois baies donne une profondeur au go\u00fbt \u00e0 la fois sucr\u00e9 et l\u00e9g\u00e8rement \u00e2pre - id\u00e9al pour tous ceux qui cherchent \u00e0 varier les plaisirs. Son design ergonomique et son utilisation intuitive en font le compagnon id\u00e9al des vapoteurs d\u00e9butants et exp\u00e9riment\u00e9s.<\/p>\n<p>La durabilit\u00e9 est un autre point positif : gr\u00e2ce aux pods rechargeables et \u00e0 une batterie robuste de 850 mAh, la\u00a0<strong>Fumot RandM Tornado 15000<\/strong>\u00a0d\u00e9chets jetables de mani\u00e8re significative. L'indication de 15.000 trains souligne en outre que les utilisateurs doivent en racheter moins souvent - un gain pour l'environnement et le budget.<\/p>\n<h3><strong>L'innovation technique rencontre l'intensit\u00e9 des baies<\/strong><\/h3>\n<p>En plus de l'embl\u00e9matique\u00a0<strong>Triple Berry<\/strong>-Le go\u00fbt de la\u00a0<strong>RandM Tornado 15000<\/strong>\u00a0gr\u00e2ce \u00e0 des performances pr\u00e9cises. Une technologie avanc\u00e9e de bobines \u00e0 mailles garantit que chaque bouff\u00e9e d\u00e9ploie toute la diversit\u00e9 des ar\u00f4mes - de la premi\u00e8re \u00e0 la derni\u00e8re utilisation. Le taux de nicotine variable permet en outre des adaptations individuelles, de sorte que la d\u00e9tente comme le vapotage intensif sont possibles.<\/p>\n<p>L'appareil est parfaitement adapt\u00e9 \u00e0 une utilisation mobile gr\u00e2ce \u00e0 son design anti-fuite et \u00e0 sa taille compacte. Le port de chargement USB-C rapide et la batterie longue dur\u00e9e garantissent des performances constantes, m\u00eame en cas d'utilisation intensive. Que ce soit au travail ou en voyage, l'exp\u00e9rience de vapotage reste toujours fiable.<\/p>\n<h3><strong>La haute technologie dans le d\u00e9tail : une performance qui convainc<\/strong><\/h3>\n<p>Derri\u00e8re la\u00a0<strong>Triple Berry Fumot RandM Tornado 15000<\/strong>\u00a0est le fruit d'une ing\u00e9nierie bien pens\u00e9e. Le r\u00e9servoir g\u00e9n\u00e9reux de 12 ml offre de la place pour un plaisir durable, tandis que le coil maill\u00e9 de 1,0 ohm lib\u00e8re le go\u00fbt avec pr\u00e9cision tout en minimisant la consommation de liquide. La batterie rechargeable se charge compl\u00e8tement en moins de 50 minutes, ce qui rend les temps d'attente presque insignifiants.<\/p>\n<p>Sa long\u00e9vit\u00e9 m\u00e9rite d'\u00eatre soulign\u00e9e : des mat\u00e9riaux de haute qualit\u00e9 et une construction \u00e9tanche \u00e0 la poussi\u00e8re font de cet appareil un investissement rentable qui fonctionnera de mani\u00e8re fiable pendant des mois, conform\u00e9ment \u00e0 l'indication de 15.000 bouff\u00e9es.<\/p>\n<h3><strong>Durabilit\u00e9 : la responsabilit\u00e9 rencontre le plaisir<\/strong><\/h3>\n<p>La production respectueuse de l'environnement est une priorit\u00e9 pour la\u00a0<strong>RandM Tornado 15000<\/strong>\u00a0est au centre de nos pr\u00e9occupations. Les dosettes r\u00e9utilisables et les composants recyclables r\u00e9duisent les d\u00e9chets, tandis que le nombre \u00e9lev\u00e9 de cycles de 15.000 \u00e9vite les changements d'appareils superflus. Fumot mise \u00e9galement sur des processus de fabrication \u00e0 faible consommation d'\u00e9nergie et des mat\u00e9riaux peu polluants pour pr\u00e9server les ressources - sans faire de compromis sur la performance ou le go\u00fbt.<\/p>\n<p>Cette approche prouve qu'il est possible d'allier id\u00e9alement plaisir et responsabilit\u00e9 \u00e9cologique, un concept qui s\u00e9duit de plus en plus de consommateurs.<\/p>\n<h3><strong>Conclusion : un feu d'artifice de saveurs avec une pr\u00e9cision technique<\/strong><\/h3>\n<p>En r\u00e9sum\u00e9, la\u00a0<strong>Triple Berry Fumot RandM Tornado 15000<\/strong>\u00a0tout ce que les vapoteurs modernes attendent : un profil aromatique complexe, une pr\u00e9cision technique et des pratiques respectueuses de l'environnement. Avec jusqu'\u00e0 15 000 bouff\u00e9es, c'est le choix parfait pour ceux qui accordent de l'importance \u00e0 la long\u00e9vit\u00e9 et \u00e0 la qualit\u00e9 constante - sans pour autant renoncer \u00e0 la diversit\u00e9 fruit\u00e9e.<\/p>\n<p>Si vous recherchez une e-cigarette qui allie compositions de baies et haute technologie, vous ferez le bon choix avec ce mod\u00e8le. Le site\u00a0<strong>RandM Tornado 15000<\/strong>\u00a0in Triple Berry \u00e9tablit ainsi de nouvelles normes en mati\u00e8re de go\u00fbt, d'innovation et de durabilit\u00e9.<\/p>","protected":false},"excerpt":{"rendered":"<div class=\"elementor-element elementor-element-2a8ba9f elementor-widget elementor-widget-heading\" data-id=\"2a8ba9f\" data-element_type=\"widget\" data-widget_type=\"heading.default\">\n<div class=\"elementor-widget-container\">\n<div class=\"elementor-heading-title elementor-size-default\">En tant que fabricant qui livre directement aux clients, nos prix sont extr\u00eamement comp\u00e9titifs. Nous appliquons une strat\u00e9gie de prix : plus vous commandez, moins le prix unitaire est \u00e9lev\u00e9.<\/div>\n<\/div>\n<\/div>","protected":false},"featured_media":7717,"comment_status":"open","ping_status":"closed","template":"","meta":[],"product_brand":[53],"product_cat":[58,57],"product_tag":[],"class_list":{"0":"post-7706","1":"product","2":"type-product","3":"status-publish","4":"has-post-thumbnail","6":"product_brand-fumot-randm-tornado","7":"product_cat-fumot-randm-tornado-15000","8":"product_cat-15000-puffs","10":"first","11":"instock","12":"sale","13":"shipping-taxable","14":"product-type-variable","15":"has-default-attributes"},"tiered_pricing_type":"fixed","tiered_pricing_fixed_rules":[],"tiered_pricing_product_settings":{"layout":"default","base_unit_name":{"singular":null,"plural":null},"default_variation":null},"tiered_pricing_minimum_quantity":null,"tiered_pricing_roles_data":[],"tiered_pricing_percentage_rules":[],"tiered_pricing_maximum_quantity":null,"tiered_pricing_quantity_step":null,"_links":{"self":[{"href":"https:\/\/www.vapemarkt.de\/fr\/wp-json\/wp\/v2\/product\/7706","targetHints":{"allow":["GET"]}}],"collection":[{"href":"https:\/\/www.vapemarkt.de\/fr\/wp-json\/wp\/v2\/product"}],"about":[{"href":"https:\/\/www.vapemarkt.de\/fr\/wp-json\/wp\/v2\/types\/product"}],"replies":[{"embeddable":true,"href":"https:\/\/www.vapemarkt.de\/fr\/wp-json\/wp\/v2\/comments?post=7706"}],"wp:featuredmedia":[{"embeddable":true,"href":"https:\/\/www.vapemarkt.de\/fr\/wp-json\/wp\/v2\/media\/7717"}],"wp:attachment":[{"href":"https:\/\/www.vapemarkt.de\/fr\/wp-json\/wp\/v2\/media?parent=7706"}],"wp:term":[{"taxonomy":"product_brand","embeddable":true,"href":"https:\/\/www.vapemarkt.de\/fr\/wp-json\/wp\/v2\/product_brand?post=7706"},{"taxonomy":"product_cat","embeddable":true,"href":"https:\/\/www.vapemarkt.de\/fr\/wp-json\/wp\/v2\/product_cat?post=7706"},{"taxonomy":"product_tag","embeddable":true,"href":"https:\/\/www.vapemarkt.de\/fr\/wp-json\/wp\/v2\/product_tag?post=7706"}],"curies":[{"name":"wp","href":"https:\/\/api.w.org\/{rel}","templated":true}]}}